{"id":19,"date":"2015-02-15T12:53:43","date_gmt":"2015-02-15T10:53:43","guid":{"rendered":"http:\/\/ligipaasetavus.ee\/?page_id=19"},"modified":"2026-01-06T17:48:17","modified_gmt":"2026-01-06T15:48:17","slug":"tehtud-tood","status":"publish","type":"page","link":"https:\/\/ligipaasetavus.ee\/?page_id=19","title":{"rendered":"Tehtud t\u00f6\u00f6d"},"content":{"rendered":"<p><a href=\"http:\/\/ligipaasetavus.ee\/wp-content\/uploads\/2015\/02\/2014-12-22-11.02.27.jpg\" target=\"_blank\" rel=\"noopener\"><img decoding=\"async\" loading=\"lazy\" class=\"alignright wp-image-34 size-medium\" src=\"http:\/\/ligipaasetavus.ee\/wp-content\/uploads\/2015\/02\/2014-12-22-11.02.27-300x225.jpg\" alt=\"2014-12-22 11.02.27\" width=\"300\" height=\"225\" srcset=\"https:\/\/ligipaasetavus.ee\/wp-content\/uploads\/2015\/02\/2014-12-22-11.02.27-300x225.jpg 300w, https:\/\/ligipaasetavus.ee\/wp-content\/uploads\/2015\/02\/2014-12-22-11.02.27-1024x768.jpg 1024w, https:\/\/ligipaasetavus.ee\/wp-content\/uploads\/2015\/02\/2014-12-22-11.02.27.jpg 1200w\" sizes=\"(max-width: 300px) 100vw, 300px\" \/><\/a><\/p>\n<p>MT\u00dc LF poolt teostatud olulisemad t\u00f6\u00f6d 2014-2023:<\/p>\n<ul>\n<li>2014-2015 Teater Vanemuine ja Vene teater ligip\u00e4\u00e4setavuse hinnangud, Soolise v\u00f5rd\u00f5iguslikkuse ja v\u00f5rdse kohtlemise voliniku b\u00fcroo, Stenbocki maja, Tallinna Botaanikaaia ligip\u00e4\u00e4setavuse hinnangud ja Meelte Aia n\u00f5ustamine;<\/li>\n<li>2014-\u2026 Kokku 9 hanget, 157 ehitusprojektide invan\u00f5uete alast n\u00f5ustamist ja koosk\u00f5lastamist ning 175 hoonete ligip\u00e4\u00e4setavuse auditi \u00fcle Eesti;<\/li>\n<li>2015 Eesti T\u00f6\u00f6tukassa 22 b\u00fcroo ligip\u00e4\u00e4setavuse hinnangud;<\/li>\n<li>2015 SKA esinduste ligip\u00e4\u00e4setavuse hindamine, 15 b\u00fcroohoonet \u00fcle eesti;<\/li>\n<li>2016 ERM-i, Tartu Linnamuuseumi, Maaeluministeeriumi, Kultuuriministeeriumi ligip\u00e4\u00e4setavuse hinnangud;<\/li>\n<li>2017 EAS turismiettev\u00f5tete enesearenduse keskkonna enesehindamise k\u00fcsimustiku ja ligip\u00e4\u00e4setavuse juhendmaterjali koostamine,<\/li>\n<li>2017 T\u00f6\u00f6v\u00f5ime hindamise k\u00fcsimustiku ja -otsuse vormi kasutatavuse hindamine pimedate inimeste seisukohalt ja t\u00f6\u00f6v\u00f5ime hindamise e-vormide hinnang Eesti T\u00f6\u00f6tukassale;<\/li>\n<li>2018 V\u00f5rd\u00f5iguslikkuse b\u00fcroo &#8211; Struktuurifondide meetmetest 5.4.3. \u201ePiirkondade konkurentsiv\u00f5ime tugevdamise investeeringud\u201c; \u201eRahvusvaheliselt huvipakkuvate turismiatraktsioonide ja toetava taristu v\u00e4ljaarendamine\u201c ja \u201eKaitsealade k\u00fclastuskorralduse infrastruktuuri rekonstrueerimine\u201c kaasrahastatud projektide panusest erivajadusega inimestele ligip\u00e4\u00e4setavuse tagamisel anal\u00fc\u00fcs.<\/li>\n<li>2019-2020 Sotsiaalministeeriumi riigihanke \u201e<a href=\"https:\/\/www.sm.ee\/media\/2305\/download\">Transpordi ja tehiskeskkonna ligip\u00e4\u00e4setavuse anal\u00fc\u00fcs<\/a>\u201c teostamine.<\/li>\n<li>2020 Koost\u00f6\u00f6 AS-ga RKAS riigimajade ja -g\u00fcmnaasiumide eskiis-, eel- ja p\u00f5hiprojektide invan\u00f5uete hindamiste osa:\n<ul>\n<li>J\u00f5geva, Rapla ja P\u00e4rnu riigimajad;<\/li>\n<li>Rakvere, Mustam\u00e4e, Pegulinna, Paide, Narva, Tallinna T\u00f5nism\u00e4e riigig\u00fcmnaasiumid.<\/li>\n<\/ul>\n<\/li>\n<li>2021 Riigikantselei ja ligip\u00e4\u00e4setavuse rakker\u00fchma tellimusel \u201e<a href=\"https:\/\/www.mkm.ee\/media\/236\/download\">KREDEX korterelamute meetme ligip\u00e4\u00e4setavuse anal\u00fc\u00fcs<\/a>\u201c anal\u00fc\u00fcsi koostamine.<\/li>\n<li>2021 Sotsiaalministeeriumi riigihankes \u201e<a href=\"https:\/\/sm.ee\/media\/2608\/download\">Ligip\u00e4\u00e4setavuse tulu-kulu anal\u00fc\u00fcs<\/a>\u201d osalemine, Civitta Eesti AS partner.<\/li>\n<li>2022 Riigikantselei hange \u201d<a href=\"https:\/\/kliimaministeerium.ee\/media\/9912\/download\">Projekteeritavate korterelamute ligip\u00e4\u00e4setavuse miinimumn\u00f5uete anal\u00fc\u00fcs<\/a>\u201d.<\/li>\n<li>2022 Telia AS, Telia kahe m\u00fc\u00fcgiesinduse ligip\u00e4\u00e4setavuse auditid.<\/li>\n<li>2022 Microsoft Leedu ja L\u00e4ti kontorite ligip\u00e4\u00e4setavuse auditid.<\/li>\n<li>2022 Sotsiaalministeeriumi riigihankes \u201e Soolise v\u00f5rdsuse, v\u00f5rdse kohtlemise ning ligip\u00e4\u00e4setavuse e-\u00f5ppe kursused poliitikakujundajatele\u201d osalemine Poliitikauuringute Keskusega Praxis.<\/li>\n<li>2022 Tallinna Linnamuuseumi muuseumihoonete ligip\u00e4\u00e4setavuse auditid, 10 hoonet,<\/li>\n<li>2023 <a href=\"https:\/\/tartu.ee\/et\/sudalinna-kultuurikeskuse-arhitektuurivoistlus#Eksperdid\">S\u00fcKu arhitektuuriv\u00f5istluse ligip\u00e4\u00e4setavuse eksperthinnang<\/a><\/li>\n<li>2023 Ligip\u00e4\u00e4setavuse auditi koostamine 20 Tallinna Keskraamatukogu hoonele ja bussile ning veebilehele<\/li>\n<li>2023 Majandus- ja Kommunikatsiooniministeerium hange: Euroopa toetusfondide digitaalse t\u00f6\u00f6riista ligip\u00e4\u00e4setavuse peat\u00fckkide koostamine<\/li>\n<li><strong>Tartu linnavalitsuse riigihange \u201eTartu S\u00fcdalinna Kultuurikeskuse projekteerimise ekspertiis ligip\u00e4\u00e4setavuse osas\u201c 2024<\/strong><\/li>\n<li>Tallinna Bussijaama ligip\u00e4\u00e4setavuse audit, 2024.<\/li>\n<li>Projekt EE-LV00038 &#8220;Aiap\u00e4rlid II&#8221;, ligip\u00e4\u00e4setavuse ekspertiis 2024-&#8230;<\/li>\n<li>\u00c4\u00e4sm\u00e4e P\u00f5hikooli spordihoone ligip\u00e4\u00e4setavuse hinnang, 2024.<\/li>\n<li>Kumu fuajee ja I-korruse rekonstrueerimise ehitusprojekti ligip\u00e4\u00e4setavuse konsultatsioonide I osa, 2024.<\/li>\n<li>Harku vallamaja eelprojekti ligip\u00e4\u00e4setavuse hinnang, 2024.<\/li>\n<li>Raadi, Keskuse tee kooli ehitusprojekti ligip\u00e4\u00e4setavuse hinnang, 2024.<\/li>\n<li>Tartu Raadi piirkonna Keskuse tee projekti ligip\u00e4\u00e4setavuse hinnang, 2024.<\/li>\n<li>T\u00dc \u00d5igusteaduskond Tallinna, Kaarli pst 3 eskiisprojekti ligip\u00e4\u00e4setavuse hinnang, 2024.<\/li>\n<li>SEB kolme pangakontori ligip\u00e4\u00e4setavuse hindamine, 2024.<\/li>\n<li>Eesti Post Omniva 5-e postkontori, 5-e pakiautomaadi ligip\u00e4\u00e4setavuse auditid ning kontrollk\u00fcsimustike v\u00e4ljat\u00f6\u00f6tamine , 2024.<\/li>\n<li>\u00dchtekuuluvuskontsert 2024 teekonna ja liikumisjuhis, 2024.<\/li>\n<li>Taltech-i raamatukogu eskiisprojekti ligip\u00e4\u00e4setavuse hinnang, 2024.<\/li>\n<li>Tammiste kogukonnahoone ligip\u00e4\u00e4setavuse hinnang, 2024.<\/li>\n<li>Sisekaitseakadeemia \u00fchiselamu p\u00f5hiprojekti ligip\u00e4\u00e4setavuse hinnang, 2024.<\/li>\n<li>P\u00e4rnu spordi- ja m\u00e4nguv\u00e4ljaku eelprojekti ligip\u00e4\u00e4setavuse hinnang, 2024.<\/li>\n<li>TalTech-i U03 korpuse eskiisprojekti ligip\u00e4\u00e4setavuse hinnang, 2024.<\/li>\n<li>Tartu \u00fclikooli eksperimentaalteaduste uue hoone eelprojekti ligip\u00e4\u00e4setavuse hinnang, 2025.<\/li>\n<li>Ravila tn 14a 14b\u00a0 Ostwaldi tn 1 parkimismaja eelprojekti ligip\u00e4\u00e4setavuse hinnang, 2025.<\/li>\n<li>A-terminali kvartal eskiisprojekti ligip\u00e4\u00e4setavuse hinnang, 2025.<\/li>\n<li>Telia kodulehe ligip\u00e4\u00e4setavuse kasutajatest, 2025.<\/li>\n<li>Rapla Keskraamatukogu Keskuse ligip\u00e4\u00e4suaudit, 2025.<\/li>\n<li>Taristuministri m\u00e4\u00e4ruse N\u00f5uded ehitise ligip\u00e4\u00e4setavusele eeln\u00f5u t\u00e4iendamine, 2025.<\/li>\n<li>Auna tn 6 hoone ligip\u00e4\u00e4setavuse hinnang 2025.<\/li>\n<li>Rapla Keskraamatukogu ligip\u00e4\u00e4setavuse hinnang 2025.<\/li>\n<li>Narva hooldekodu PPi ligip\u00e4\u00e4setavuse hinnang 2025.<\/li>\n<li>Kadrioru kunstimuuseumi ligip\u00e4\u00e4setavuse konsultatsioon 2025.<\/li>\n<li>TalTech \u00dclikooli muuseum ligip\u00e4\u00e4setavuse hinnang 2025.<\/li>\n<li>Kaardistuse ja info uuendamine LIPS-i lehel 2025.<\/li>\n<li>Coolbet J\u00e4rve discgolfpark demorada ligip\u00e4\u00e4setavuse hinnang 2025.<\/li>\n<li>Narva Vanalinna p\u00f5hikooli ligip\u00e4\u00e4setavuse hinnang 2025.<\/li>\n<li>Merik\u00fcla trepi ligip\u00e4\u00e4setavuse hinnang 2025.<\/li>\n<li>Tartu kultuurikeskus Siuru v\u00e4lialade juhtteede konsultatsioon 2025.<\/li>\n<li>Liikumispuudega klient (Raplamaa Keskraamatukogu) koolitus 2025.<\/li>\n<li>Aiap\u00e4rlid II ligip\u00e4\u00e4setavuse ekpertiis II etapp 2025.<\/li>\n<li>Riverways II ligip\u00e4\u00e4setavuse ekspertiis 2025.<\/li>\n<li>Teaduse 14a ligip\u00e4\u00e4setavuse hinnang 2025.<\/li>\n<li>Kandle aia eelprojekti ligip\u00e4\u00e4setavuse hinnang 2025.<\/li>\n<li>Liikumispuudega kliendi teenindamise koolitus 2025.<\/li>\n<li>P\u00e4rnu LV EHR-i t\u00f6\u00f6d 2025.<\/li>\n<li>V\u00e4\u00e4na raamatukogu ligip\u00e4\u00e4setavuse hinnangud 2025.<\/li>\n<li><a href=\"https:\/\/kompetentsikeskus.sm.ee\/et\/uudised\/valmis-2021-2027-struktuuritoetustest-rahastatud-projektide-ligipaasetavuse-analuus\">Ligip\u00e4\u00e4setavuse anal\u00fc\u00fcs perioodil 2021-2027 struktuuritoetustest rahastatud projektides 2025.<\/a><\/li>\n<li>Liikva\u2013Rannam\u00f5isa tee jalgratta- ja jalgtee PP ligip\u00e4\u00e4setavuse hinnang 2025.<\/li>\n<li>Ministeeriumide \u00fchishoone ligip\u00e4\u00e4setavuse hinnangu 2025.<\/li>\n<li>Philly Joe\u2019s Tallinn ligip\u00e4\u00e4setavuse hinnang 2025.<\/li>\n<li>Kasvuhoone ja kvartali eelprojekti ligip\u00e4\u00e4setavuse hinnang 2025.<\/li>\n<li>Tallinna haigla eelprojekti ligip\u00e4\u00e4setavuse hinnang 2025.<\/li>\n<li>Disaini\u00f6\u00f6l esinemine \u201eINFORMATION SPACE DESIGN FOR PEOPLE WITH HEARING LOSS\u201c 2025.<\/li>\n<li>Tervisekeskus, S\u00f5le 63 ligip\u00e4\u00e4setavuse hinnang 2025.<\/li>\n<li>Kivi\u00f5li linnakeskuse v\u00e4liruumi PP ligip\u00e4\u00e4setavuse hinnang 2025.<\/li>\n<li>Liikva-Rannam\u00f5isa p\u00f5hiprojekti hinnang 2025.<\/li>\n<li>Ermi t\u00e4nava p\u00f5hiprojekti hinnang 2025.<\/li>\n<\/ul>\n<p>\u00a0<\/p>\n<p>MT\u00dc Ligip\u00e4\u00e4setavuse foorum<br \/>Endla 59, Tallinn 10615<br \/>GSM: +372 501 0127<br \/>E-post: info@ligipaasetavus.ee, jyri.jarve@ligipaasetavus.ee<br \/>WWW: www.ligipaasetavus.ee<br \/>FB: www.facebook.com\/ligipaasetavus<\/p>\n\n\n<p><\/p>\n","protected":false},"excerpt":{"rendered":"<p>MT\u00dc LF poolt teostatud olulisemad t\u00f6\u00f6d 2014-2023: 2014-2015 Teater Vanemuine ja Vene teater ligip\u00e4\u00e4setavuse hinnangud, Soolise v\u00f5rd\u00f5iguslikkuse ja v\u00f5rdse kohtlemise voliniku b\u00fcroo, Stenbocki maja, Tallinna Botaanikaaia ligip\u00e4\u00e4setavuse hinnangud ja Meelte Aia n\u00f5ustamine; 2014-\u2026 Kokku 9 hanget, 157 ehitusprojektide invan\u00f5uete alast &hellip; <a href=\"https:\/\/ligipaasetavus.ee\/?page_id=19\">J\u00e4tka lugemist <span class=\"meta-nav\">&rarr;<\/span><\/a><\/p>\n","protected":false},"author":1,"featured_media":0,"parent":0,"menu_order":0,"comment_status":"closed","ping_status":"open","template":"","meta":[],"_links":{"self":[{"href":"https:\/\/ligipaasetavus.ee\/index.php?rest_route=\/wp\/v2\/pages\/19"}],"collection":[{"href":"https:\/\/ligipaasetavus.ee\/index.php?rest_route=\/wp\/v2\/pages"}],"about":[{"href":"https:\/\/ligipaasetavus.ee\/index.php?rest_route=\/wp\/v2\/types\/page"}],"author":[{"embeddable":true,"href":"https:\/\/ligipaasetavus.ee\/index.php?rest_route=\/wp\/v2\/users\/1"}],"replies":[{"embeddable":true,"href":"https:\/\/ligipaasetavus.ee\/index.php?rest_route=%2Fwp%2Fv2%2Fcomments&post=19"}],"version-history":[{"count":5,"href":"https:\/\/ligipaasetavus.ee\/index.php?rest_route=\/wp\/v2\/pages\/19\/revisions"}],"predecessor-version":[{"id":120,"href":"https:\/\/ligipaasetavus.ee\/index.php?rest_route=\/wp\/v2\/pages\/19\/revisions\/120"}],"wp:attachment":[{"href":"https:\/\/ligipaasetavus.ee\/index.php?rest_route=%2Fwp%2Fv2%2Fmedia&parent=19"}],"curies":[{"name":"wp","href":"https:\/\/api.w.org\/{rel}","templated":true}]}}