{"id":2,"date":"2015-02-13T10:10:42","date_gmt":"2015-02-13T10:10:42","guid":{"rendered":"http:\/\/ligipaasetavus.ee\/?page_id=2"},"modified":"2023-02-01T21:39:19","modified_gmt":"2023-02-01T19:39:19","slug":"demoleht","status":"publish","type":"page","link":"https:\/\/ligipaasetavus.ee\/","title":{"rendered":"Meist"},"content":{"rendered":"<p><a href=\"http:\/\/ligipaasetavus.ee\/wp-content\/uploads\/2015\/02\/Collages1.jpg\" target=\"_blank\" rel=\"noopener\"><img decoding=\"async\" loading=\"lazy\" class=\"alignright wp-image-26 size-medium\" src=\"http:\/\/ligipaasetavus.ee\/wp-content\/uploads\/2015\/02\/Collages1-300x225.jpg\" alt=\"Collages1\" width=\"300\" height=\"225\" srcset=\"https:\/\/ligipaasetavus.ee\/wp-content\/uploads\/2015\/02\/Collages1-300x225.jpg 300w, https:\/\/ligipaasetavus.ee\/wp-content\/uploads\/2015\/02\/Collages1-1024x768.jpg 1024w\" sizes=\"(max-width: 300px) 100vw, 300px\" \/><\/a><\/p>\n<p><strong>MT\u00dc Ligip\u00e4\u00e4setavuse<\/strong> <strong>foorum<\/strong> asutati 2014 ning meie tegevuse eesm\u00e4rgiks on <strong>ligip\u00e4\u00e4setava keskkonna<\/strong> tagamine k\u00f5igile.<\/p>\n<p>\u00dching koosneb eranditult eri puudeliikide esindajatest,&nbsp;kelle seas on&nbsp;arhitektuuri, ehituse, disaini, IT jt alade spetsialiste 10-15 aastase tegutsemiskogemusega ligip\u00e4\u00e4setavuse ja universaalse disaini alal. Varasemalt on tegutsetud eri puuetega inimeste organisatsioonides, kuid vajadus koost\u00f6\u00f6ks eri puudeliikide vahel realiseeriti alles n\u00fc\u00fcd l\u00e4bi loodud \u00fchingu tegevuse. Omame tegutsemiskompetentsi f\u00fc\u00fcsilise, n\u00e4gemis- ja kuulmispuude ligip\u00e4\u00e4setavuse osas.<\/p>\n<p>Propageerime \u00fchiskondlike hoonete ja eluruumide, transpordi, elukeskkonna ja informatsiooni ligip\u00e4\u00e4setavuse t\u00e4htsust k\u00f5ige laiemas m\u00f5ttes ja k\u00f5igile inimgruppidele.<\/p>\n<p>Oma tegevuse l\u00e4bi m\u00f5jutame \u00fcle-Eestiliselt, positiivses m\u00f5ttes, riigi- ja omavalitsusasutusi, hoonete ja rajatiste omanikke, laiemat \u00fcldsust ligip\u00e4\u00e4setavuse parandamise vajalikkuses ja t\u00e4htsuses.<\/p>\n<p>L\u00e4bi sellise tegevuse soovime tagada v\u00f5rdseid v\u00f5imalusi k\u00f5igile meie \u00fchiskonnas.<\/p>\n<p>MT\u00dc Ligip\u00e4\u00e4setavuse foorum<br \/>\nEndla 59, Tallinn 10615<br \/>\nGSM: +372 501 0127<br \/>\nE-post: info@ligipaasetavus.ee, jyri.jarve@ligipaasetavus.ee<br \/>\nWWW: www.ligipaasetavus.ee<br \/>\nFB: www.facebook.com\/ligipaasetavus<\/p>\n","protected":false},"excerpt":{"rendered":"<p>MT\u00dc Ligip\u00e4\u00e4setavuse foorum asutati 2014 ning meie tegevuse eesm\u00e4rgiks on ligip\u00e4\u00e4setava keskkonna tagamine k\u00f5igile. \u00dching koosneb eranditult eri puudeliikide esindajatest,&nbsp;kelle seas on&nbsp;arhitektuuri, ehituse, disaini, IT jt alade spetsialiste 10-15 aastase tegutsemiskogemusega ligip\u00e4\u00e4setavuse ja universaalse disaini alal. Varasemalt on tegutsetud eri &hellip; <a href=\"https:\/\/ligipaasetavus.ee\/\">J\u00e4tka lugemist <span class=\"meta-nav\">&rarr;<\/span><\/a><\/p>\n","protected":false},"author":1,"featured_media":0,"parent":0,"menu_order":0,"comment_status":"closed","ping_status":"open","template":"","meta":[],"_links":{"self":[{"href":"https:\/\/ligipaasetavus.ee\/index.php?rest_route=\/wp\/v2\/pages\/2"}],"collection":[{"href":"https:\/\/ligipaasetavus.ee\/index.php?rest_route=\/wp\/v2\/pages"}],"about":[{"href":"https:\/\/ligipaasetavus.ee\/index.php?rest_route=\/wp\/v2\/types\/page"}],"author":[{"embeddable":true,"href":"https:\/\/ligipaasetavus.ee\/index.php?rest_route=\/wp\/v2\/users\/1"}],"replies":[{"embeddable":true,"href":"https:\/\/ligipaasetavus.ee\/index.php?rest_route=%2Fwp%2Fv2%2Fcomments&post=2"}],"version-history":[{"count":5,"href":"https:\/\/ligipaasetavus.ee\/index.php?rest_route=\/wp\/v2\/pages\/2\/revisions"}],"predecessor-version":[{"id":77,"href":"https:\/\/ligipaasetavus.ee\/index.php?rest_route=\/wp\/v2\/pages\/2\/revisions\/77"}],"wp:attachment":[{"href":"https:\/\/ligipaasetavus.ee\/index.php?rest_route=%2Fwp%2Fv2%2Fmedia&parent=2"}],"curies":[{"name":"wp","href":"https:\/\/api.w.org\/{rel}","templated":true}]}}