{"id":70,"date":"2023-02-01T18:13:17","date_gmt":"2023-02-01T16:13:17","guid":{"rendered":"http:\/\/ligipaasetavus.ee\/?page_id=70"},"modified":"2023-02-01T18:13:17","modified_gmt":"2023-02-01T16:13:17","slug":"ligipaasetavus","status":"publish","type":"page","link":"https:\/\/ligipaasetavus.ee\/?page_id=70","title":{"rendered":"Ligip\u00e4\u00e4setavus"},"content":{"rendered":"\n<p><em>Ligip\u00e4\u00e4setavus&nbsp;on laiatarbekaupade, keskkondade, hoonete,&nbsp;teenuste ja info disain, mille tulemus on ilma kohandusteta&nbsp;<strong>kasutatav ja ligip\u00e4\u00e4setav<\/strong>&nbsp;nii paljudele inimestele kui v\u00f5imalik ja m\u00f5istlik. Lahendus peab vastama&nbsp;k\u00f5ikide&nbsp;kasutajate vajadustele.<\/em><\/p>\n\n\n\n<p><em>Elukeskkonna ligip\u00e4\u00e4setavuse tagamine h\u00f5lmab k\u00f5ikidele inimestele ligip\u00e4\u00e4su v\u00f5imaldamist nii&nbsp;<strong>f\u00fc\u00fcsilisele keskkonnale kui ka infovahetus- ja e-teenuste keskkonnale<\/strong>, tagades sel viisil v\u00f5rdsed v\u00f5imalused ning parandades k\u00f5ikide \u00fchiskonnaliikmete elukvaliteeti ning toimetulekuv\u00f5imet.<\/em><\/p>\n\n\n\n<p><em>Ligip\u00e4\u00e4setavus on <strong>elukaare p\u00f5hine<\/strong>, mis t\u00e4hendab, et suurel osal inimestest on elu v\u00e4ltel ajutiselt v\u00f5i p\u00fcsivalt m\u00f5ni&nbsp;<strong>erivajadus<\/strong>. Suurimad ligip\u00e4\u00e4setavuse sihtgrupid \u00fchiskonnas on eakad, erivajadustega inimesed, lapsed, v\u00e4ikelaste vanemad, ajutise vigastusega inimesed jt.<\/em><\/p>\n\n\n\n<p>V\u00f5ib arvata, et kui n\u00f6 \u201ctervele inimesele\u201d on ligip\u00e4\u00e4setavus pigem mugavus, siis puuetega inimestele on see eluline vajadus. Seet\u00f5ttu tuleks keskkonna planeerimisel l\u00e4htuda k\u00f5ige haavatavamast \u00fchiskonnagrupist ja nende ligip\u00e4\u00e4suvajadustest. See teravdab disaineri t\u00e4helepanu ja ajendab teda probleemile vaatama uuest vaatenurgast. Puuetega inimestega arvestamist n\u00e4iteks hoone projekteerimisel, ei tuleks&nbsp; n\u00e4ha takistusena, vaid v\u00f5imalusena.<\/p>\n\n\n\n<p>On t\u00e4heldatud, et kui&nbsp; n\u00e4iteks hoone sissep\u00e4\u00e4sul on k\u00f5rvuti astmed ja kaldpind, siis valib enamus sisenemiseks mugavama kaldpinna. See n\u00e4itab, et kaldtee pole vajalik ainult puuetega inimestele, vaid see on ka universaalne element, mis sobib lisaks ka lapsevankritele, k\u00e4sipagasiga liikujatele jt.<\/p>\n\n\n\n<p>Kui n\u00e4iteks mobiilide teksts\u00f5numid olid algselt kuulmispuudega inimestele m\u00f5eldud lahendus, siis on SMS&nbsp; aga aja jooksul muutunud k\u00f5igile kasutatavaks.<\/p>\n\n\n\n<p>Ligip\u00e4\u00e4setavuse ja universaalse disaini lahenduste v\u00e4ljat\u00f6\u00f6tamisel on v\u00e4ga oluline arvestada j\u00e4rgnevaga:<\/p>\n\n\n\n<p><em>Soovitatavad kasutajate grupid, keda kaasata valitsevate poliitikate ja lahenduste ligip\u00e4\u00e4setavuse p\u00f5him\u00f5tete v\u00e4ljat\u00f6\u00f6tamisse ning kehtestamisesse, on ratastoolikasutajad, liikumis-, n\u00e4gemis-, kuulmis-, vaimupuudega ning \u00f5piraskustega ja lugemispuudega inimesed, samuti astmaatikud ning allergikud. \u00dcldjuhul katavad antud huvigruppide vajadused ligip\u00e4\u00e4setavuse osas ka valdava enamiku teiste l\u00f5ppkasutajate vajadused ning huvid.<\/em><\/p>\n\n\n\n<p><strong>Sihtr\u00fchm<\/strong> Kes on ligip\u00e4\u00e4setavuse subjektid ja kui palju neid on? Tegelikult on ligip\u00e4\u00e4setavusega seotud inimeste hulk v\u00e4ga suur, v\u00f5ib \u00f6elda, et enamik inimesi on selle teemaga suuremal v\u00f5i v\u00e4hemal m\u00e4\u00e4ral seotud.<\/p>\n\n\n\n<ul>\n<li>Puudega inimesed \u2013 liikumispuudega, pimedad ja vaegn\u00e4gijad, kurdid ja vaegkuuljad, vaimupuude ja ps\u00fc\u00fchikah\u00e4irega ning liitpuudega.<\/li>\n\n\n\n<li>Eakad, lapsed, \u00f5nnetuste ja terviseh\u00e4irete t\u00f5ttu ajutiste tegutsemispiirangutega inimesed, lastega lapsevanemad jt.<\/li>\n<\/ul>\n\n\n\n<p><strong>Digiligip\u00e4\u00e4setavus<\/strong><\/p>\n\n\n\n<p>Kui ligip\u00e4\u00e4s ehituslikule keskkonnale n\u00e4iteks kaldteede, liftide, automaatuste jms lahenduste n\u00e4ol peetakse loomulikuks ja on arusaadav k\u00f5igile, siis sama oluline on&nbsp; ligip\u00e4\u00e4setavusega arvestada ka inforuumis. Kuidas p\u00e4\u00e4sevad digiteenustele ligi erivajadustega inimesed, kellel on halb n\u00e4gemine v\u00f5i ei n\u00e4e \u00fcldse? Kuidas on vaegkuuljatega, kes paraku lihtsalt ei saa esitluse sisust aru, kui visuaalmeedias puuduvad subtiitrid? Ligip\u00e4\u00e4s digiteenustele on inforuumi ligip\u00e4\u00e4setavus ning iga kodaniku \u00f5igus.<\/p>\n\n\n\n<p>Mida siis m\u00f5eldakse digiligip\u00e4\u00e4setavuse all? Eelk\u00f5ige on see ligip\u00e4\u00e4s veebilehtedele, e-teenustele ja nendega seotud mobiili- ja veebirakendustele. Kasutajas\u00f5bralik ning info ligip\u00e4\u00e4su tagav e-keskkond ei tohi s\u00f5ltuda tugitehnoloogiast ega kasutatavatest abivahenditest ning tagab v\u00f5rdsed v\u00f5imalused k\u00f5igile inimestele s\u00f5ltumata nende v\u00f5imalustest.<\/p>\n\n\n\n<p><strong>Ligip\u00e4\u00e4s s\u00fcndmustele ja kultuurile<\/strong><\/p>\n\n\n\n<p>Lisaks f\u00fc\u00fcsilisele ruumile, on oluline&nbsp; arvestada ligip\u00e4\u00e4setavusega&nbsp; ka s\u00fcndmuste ja \u00fcrituste korraldamisel, seda nii osalejate kui ka esinejatele. Ligip\u00e4\u00e4setavus h\u00f5lmab sealjuures lisaks s\u00fcndmuse enda sisu ligip\u00e4\u00e4setavusele ka keskkonda, kommunikatsiooni, klienditeenindust.<\/p>\n\n\n\n<p>Ligip\u00e4\u00e4setav kultuuris\u00fcndmus algab mitmek\u00fclgsest planeerimisest juba enne \u00fcrituse toimumist, kusjuures ligip\u00e4\u00e4setavusega arvestamine peab olema teostatud nii korraldusruumi f\u00fc\u00fcsilises, kui ka inforuumi m\u00f5ttes. Ligip\u00e4\u00e4setavusega peab arvestama kommunikatsiooni faasis, mis h\u00f5lmab s\u00fcndmuse kujunduse kavandamist, infot \u00fcrituse ligip\u00e4\u00e4setavusest, kodulehek\u00fcljel info esitamist ka vaegn\u00e4gijate seisukohast, viidamajandust ja s\u00fcndmuse kaarti. Erivajadusega k\u00fclastajal on oluline teada, milline on hinnakujundus, n\u00e4iteks piletihinna soodustused isiklikule abistajale, t\u00f5lgi olemasolu v\u00f5i reeglid juhtkoera lubamise osas. T\u00e4htis on erivajadusega k\u00fclastajat teavitada parkimisv\u00f5imalustest, kohandatud tualettide olemasolust, samuti on t\u00e4htis teada kuidas on korraldatud toitlustus, trib\u00fc\u00fcnidele v\u00f5i vaateplatvormidele p\u00e4\u00e4s. Vaegn\u00e4gijaid ja -kuuljaid huvitavad erinevate t\u00f5lgete, viipekeele, tiitrite, silmusv\u00f5imenduse olemasolu. K\u00f5ige eelnevaga arvestamine viib meid sammu v\u00f5rra l\u00e4hemale h\u00e4sti toimiva ja ligip\u00e4\u00e4setava kultuuris\u00fcndmuse korraldamisele.<\/p>\n\n\n\n<p><strong>Universaalne disain <\/strong>on strateegia, mille eesm\u00e4rgiks on muuta keskkond, tooted, kommunikatsioon, informatsioon, tehnoloogia ja teenused nii suures ulatuses kui v\u00f5imalik ligip\u00e4\u00e4setavaks ning kasutatavaks k\u00f5ikidele, sealhulgas erivajadustega inimestele. Sotsiaalsest ning \u00fchiskondlikust elust osav\u00f5tmist takistavaid barj\u00e4\u00e4re on v\u00f5imalik v\u00e4ltida, rakendades alates planeerimise varastest etappidest universaalse disaini p\u00f5him\u00f5tteid erinevates strateegiates ning lahendustes.<\/p>\n\n\n\n<p><strong>Selgitus:<\/strong> Universaalne disain sisaldab endas uut laadi m\u00f5tlemist, esitab v\u00f5rdsete v\u00f5imaluste osas k\u00f5rgemaid n\u00f5udmisi, kui seda on alanenud toimetulekuv\u00f5imega isikute suhtes rakendatav ligip\u00e4\u00e4setavuse m\u00f5iste. Puudega inimestele on ligip\u00e4\u00e4setavus v\u00f5imalik tagada erimeetmetega, aga kaasava disaini puhul on sellest v\u00e4he \u2013 lahendus peab vastama k\u00f5ikide kasutajate vajadustele. Universaaldisain ei v\u00e4lista vajaduse korral abiseadmeid kindlatele puuetega inimeste r\u00fchmadele.<\/p>\n\n\n\n<p><strong>Universaalse disaini p\u00f5him\u00f5tted:<\/strong><\/p>\n\n\n\n<p>\u2022 universaalne disain on strateegia, mille eesm\u00e4rk on muuta eri keskkondade, toodete, kommunikatsiooni, infotehnoloogia ning teenuste disain ja \u00fclesehitus ligip\u00e4\u00e4setavaks, arusaadavaks ja kasutatavaks k\u00f5ikidele nii suures ulatuses ning nii s\u00f5ltumatul ja loomulikul viisil kui v\u00f5imalik, eelistatavalt ilma kohandamise vajadusteta;<\/p>\n\n\n\n<p>\u2022 universaalse disaini eesm\u00e4rk on kergendada k\u00f5ikide elu, muutes ehitatud keskkond, kommunikatsioon, tooted, teenused ja sotsiaalsed h\u00fcved k\u00f5ikidele ligip\u00e4\u00e4setavaks, kasutatavaks ning arusaadavaks;<\/p>\n\n\n\n<p>\u2022 universaalne disain t\u00e4hendab terviklikku l\u00e4henemist ning suurema r\u00f5hu panemist kasutajakesksusele, v\u00f5ttes arvesse puuetega inimeste vajadusi ning p\u00f6\u00f6rates t\u00e4helepanu muutustele ja erip\u00e4radele, mida inimesed kogevad elutee jooksul.<\/p>\n\n\n\n<p><strong>Kaasav elukeskkond\u2013 <\/strong>h\u00e4sti toimiv elukeskkond, mis arvestab k\u00f5igi \u00fchiskonnaliikmete v\u00f5imalustega. Kaasava elukeskkonna p\u00f5him\u00f5tted:<\/p>\n\n\n\n<p>\u2022 austus \u2013 keskkond peab austama ja arendama k\u00f5iki inimesi, keegi ei tohi tunda end v\u00e4ljaj\u00e4etuna ning k\u00f5igil peab olema sellele ligip\u00e4\u00e4s;<\/p>\n\n\n\n<p>\u2022 turvalisus \u2013 ligip\u00e4\u00e4setav keskkond peab olema riskivaba k\u00f5igile; k\u00f5ik elemendid, millest keskkond koosneb, peavad arvestama eelk\u00f5ige ohutust (nt libisemiskindlad p\u00f5randad, ei ole h\u00f5lpsasti eralduvaid elemente);<\/p>\n\n\n\n<p>\u2022 tervislikkus \u2013 keskkond peab propageerima tervislikku eluviisi ja kasutust, ei tohi olla ohuks kellegi tervisele ega p\u00f5hjustada probleeme terviseh\u00e4dadega inimestele, nt allergikutele;<\/p>\n\n\n\n<p>\u2022 funktsionaalsus \u2013 keskkonna esmane funktsioon peab olema k\u00f5igile probleemideta kasutatav;<\/p>\n\n\n\n<p>\u2022 arusaadavus \u2013 k\u00f5ik peavad suutma orienteeruda keskkonnas suurema pingutuseta, seet\u00f5ttu peab teave olema selge ja asjakohaselt paigutatud ning k\u00f5igile sihtr\u00fchmadele kergesti m\u00f5istetav;<\/p>\n\n\n\n<p>\u2022 eeskuju \u2013 ligip\u00e4\u00e4setav keskkond on ettev\u00f5tetele, asutustele ja arendajatele positiivne n\u00e4ide, kuidas j\u00e4rgida universaalse disaini p\u00f5him\u00f5tteid eri objektide ligip\u00e4\u00e4setavuse tagamisel.<\/p>\n\n\n\n<p>M\u00f5istetel &#8211; kaasav disain (<a>inclusive design<\/a>), universaalne disain (universal design), disain k\u00f5igile (design for all) on teema k\u00e4sitlusel m\u00f5ningased&nbsp; erinevused, kuid \u00fcldises plaanis on k\u00f5ikides k\u00e4sitlustes eesm\u00e4rgiks ikkagi k\u00f5igi kasutajagruppide ehk kogu elanikkonna ligip\u00e4\u00e4su tagamine&nbsp; ehitistes, rajatistele, teenustele ning inforuumile. Selles kontekstis on k\u00f5igil l\u00e4henemistel enamv\u00e4hem samav\u00e4\u00e4rne t\u00e4hendus.<\/p>\n\n\n\n<hr class=\"wp-block-separator has-alpha-channel-opacity\"\/>\n","protected":false},"excerpt":{"rendered":"<p>Ligip\u00e4\u00e4setavus&nbsp;on laiatarbekaupade, keskkondade, hoonete,&nbsp;teenuste ja info disain, mille tulemus on ilma kohandusteta&nbsp;kasutatav ja ligip\u00e4\u00e4setav&nbsp;nii paljudele inimestele kui v\u00f5imalik ja m\u00f5istlik. Lahendus peab vastama&nbsp;k\u00f5ikide&nbsp;kasutajate vajadustele. Elukeskkonna ligip\u00e4\u00e4setavuse tagamine h\u00f5lmab k\u00f5ikidele inimestele ligip\u00e4\u00e4su v\u00f5imaldamist nii&nbsp;f\u00fc\u00fcsilisele keskkonnale kui ka infovahetus- ja e-teenuste keskkonnale, &hellip; <a href=\"https:\/\/ligipaasetavus.ee\/?page_id=70\">J\u00e4tka lugemist <span class=\"meta-nav\">&rarr;<\/span><\/a><\/p>\n","protected":false},"author":2,"featured_media":0,"parent":0,"menu_order":0,"comment_status":"closed","ping_status":"closed","template":"","meta":[],"_links":{"self":[{"href":"https:\/\/ligipaasetavus.ee\/index.php?rest_route=\/wp\/v2\/pages\/70"}],"collection":[{"href":"https:\/\/ligipaasetavus.ee\/index.php?rest_route=\/wp\/v2\/pages"}],"about":[{"href":"https:\/\/ligipaasetavus.ee\/index.php?rest_route=\/wp\/v2\/types\/page"}],"author":[{"embeddable":true,"href":"https:\/\/ligipaasetavus.ee\/index.php?rest_route=\/wp\/v2\/users\/2"}],"replies":[{"embeddable":true,"href":"https:\/\/ligipaasetavus.ee\/index.php?rest_route=%2Fwp%2Fv2%2Fcomments&post=70"}],"version-history":[{"count":1,"href":"https:\/\/ligipaasetavus.ee\/index.php?rest_route=\/wp\/v2\/pages\/70\/revisions"}],"predecessor-version":[{"id":71,"href":"https:\/\/ligipaasetavus.ee\/index.php?rest_route=\/wp\/v2\/pages\/70\/revisions\/71"}],"wp:attachment":[{"href":"https:\/\/ligipaasetavus.ee\/index.php?rest_route=%2Fwp%2Fv2%2Fmedia&parent=70"}],"curies":[{"name":"wp","href":"https:\/\/api.w.org\/{rel}","templated":true}]}}